{"id":103,"date":"2025-03-21T18:16:05","date_gmt":"2025-03-21T18:16:05","guid":{"rendered":"https:\/\/yogafev.com\/tienda-outlet\/?post_type=product&#038;p=103"},"modified":"2025-03-21T18:22:12","modified_gmt":"2025-03-21T18:22:12","slug":"clavo-corriente-4","status":"publish","type":"product","link":"https:\/\/yogafev.com\/tienda-outlet\/producto\/clavo-corriente-4\/","title":{"rendered":"Clavo Corriente 4&#8243;"},"content":{"rendered":"<h4 class=\"osf__sc-1kybtoc-3 ihWmQm\">Caracter\u00edsticas<\/h4>\n<div class=\"osf__sc-d9hb4p-0 osf__sc-1wibf4t-0 osf__sc-1kybtoc-1 osf__sc-1kybtoc-4 jRBkAY hzGYQn hjkHOQ gaoJCL\">\n<div class=\"osf__sc-d9hb4p-0 osf__sc-1wibf4t-0 osf__sc-1kybtoc-1 osf__sc-1kybtoc-5 jRBkAY hzGYQn hjkHOQ bNPwfI\"><span class=\"osf__sc-1kybtoc-6 kRHwoQ\">Atributos <\/span><span class=\"osf__sc-1kybtoc-6 kRHwoU\">Detalles<\/span><\/div>\n<div class=\"osf__sc-d9hb4p-0 osf__sc-1wibf4t-0 osf__sc-1kybtoc-1 osf__sc-1kybtoc-5 jRBkAY hzGYQn hjkHOQ bNPwfI\"><span class=\"osf__sc-1kybtoc-7 kiJXkz\">C\u00f3digo del Producto <\/span><span class=\"osf__sc-1kybtoc-7 kiJXkD\">103254<\/span><\/div>\n<div class=\"osf__sc-d9hb4p-0 osf__sc-1wibf4t-0 osf__sc-1kybtoc-1 osf__sc-1kybtoc-5 jRBkAY hzGYQn hjkHOQ bNPwfI\"><span class=\"osf__sc-1kybtoc-7 kiJXkz\">Descripci\u00f3n <\/span><span class=\"osf__sc-1kybtoc-7 kiJXkD\">Clavo corriente 4&#8243; caja 25kg<\/span><\/div>\n<div class=\"osf__sc-d9hb4p-0 osf__sc-1wibf4t-0 osf__sc-1kybtoc-1 osf__sc-1kybtoc-5 jRBkAY hzGYQn hjkHOQ bNPwfI\"><span class=\"osf__sc-1kybtoc-7 kiJXkz\">Material <\/span><span class=\"osf__sc-1kybtoc-7 kiJXkD\">Acero<\/span><\/div>\n<div class=\"osf__sc-d9hb4p-0 osf__sc-1wibf4t-0 osf__sc-1kybtoc-1 osf__sc-1kybtoc-5 jRBkAY hzGYQn hjkHOQ bNPwfI\"><span class=\"osf__sc-1kybtoc-7 kiJXkz\">Garant\u00eda <\/span><span class=\"osf__sc-1kybtoc-7 kiJXkD\">6 Meses<\/span><\/div>\n<div class=\"osf__sc-d9hb4p-0 osf__sc-1wibf4t-0 osf__sc-1kybtoc-1 osf__sc-1kybtoc-5 jRBkAY hzGYQn hjkHOQ bNPwfI\"><span class=\"osf__sc-1kybtoc-7 kiJXkz\">Origen <\/span><span class=\"osf__sc-1kybtoc-7 kiJXkD\">Chile<\/span><\/div>\n<div class=\"osf__sc-d9hb4p-0 osf__sc-1wibf4t-0 osf__sc-1kybtoc-1 osf__sc-1kybtoc-5 jRBkAY hzGYQn hjkHOQ bNPwfI\"><span class=\"osf__sc-1kybtoc-7 kiJXkz\">Marca <\/span><span class=\"osf__sc-1kybtoc-7 kiJXkD\">Inchalam<\/span><\/div>\n<div class=\"osf__sc-d9hb4p-0 osf__sc-1wibf4t-0 osf__sc-1kybtoc-1 osf__sc-1kybtoc-5 jRBkAY hzGYQn hjkHOQ bNPwfI\"><span class=\"osf__sc-1kybtoc-7 kiJXkz\">Largo <\/span><span class=\"osf__sc-1kybtoc-7 kiJXkD\">100MM<\/span><\/div>\n<div class=\"osf__sc-d9hb4p-0 osf__sc-1wibf4t-0 osf__sc-1kybtoc-1 osf__sc-1kybtoc-5 jRBkAY hzGYQn hjkHOQ bNPwfI\"><span class=\"osf__sc-1kybtoc-7 kiJXkz\">Peso<\/span><span class=\"osf__sc-1kybtoc-7 kiJXkD\">25<\/span><\/div>\n<div class=\"osf__sc-d9hb4p-0 osf__sc-1wibf4t-0 osf__sc-1kybtoc-1 osf__sc-1kybtoc-5 jRBkAY hzGYQn hjkHOQ bNPwfI\"><span class=\"osf__sc-1kybtoc-7 kiJXkz\">Linea<\/span><span class=\"osf__sc-1kybtoc-7 kiJXkD\">Profesional<\/span><\/div>\n<\/div>\n","protected":false},"excerpt":{"rendered":"<p>Caracter\u00edsticas Atributos Detalles C\u00f3digo del Producto 103254 Descripci\u00f3n Clavo corriente 4&#8243; caja 25kg Material Acero Garant\u00eda 6 Meses Origen Chile Marca Inchalam Largo 100MM Peso25 LineaProfesional<\/p>\n","protected":false},"featured_media":104,"comment_status":"open","ping_status":"closed","template":"","meta":[],"product_brand":[],"product_cat":[15],"product_tag":[],"class_list":{"0":"post-103","1":"product","2":"type-product","3":"status-publish","4":"has-post-thumbnail","6":"product_cat-sin-categorizar","8":"first","9":"instock","10":"shipping-taxable","11":"product-type-simple"},"jetpack_sharing_enabled":true,"_links":{"self":[{"href":"https:\/\/yogafev.com\/tienda-outlet\/wp-json\/wp\/v2\/product\/103","targetHints":{"allow":["GET"]}}],"collection":[{"href":"https:\/\/yogafev.com\/tienda-outlet\/wp-json\/wp\/v2\/product"}],"about":[{"href":"https:\/\/yogafev.com\/tienda-outlet\/wp-json\/wp\/v2\/types\/product"}],"replies":[{"embeddable":true,"href":"https:\/\/yogafev.com\/tienda-outlet\/wp-json\/wp\/v2\/comments?post=103"}],"wp:featuredmedia":[{"embeddable":true,"href":"https:\/\/yogafev.com\/tienda-outlet\/wp-json\/wp\/v2\/media\/104"}],"wp:attachment":[{"href":"https:\/\/yogafev.com\/tienda-outlet\/wp-json\/wp\/v2\/media?parent=103"}],"wp:term":[{"taxonomy":"product_brand","embeddable":true,"href":"https:\/\/yogafev.com\/tienda-outlet\/wp-json\/wp\/v2\/product_brand?post=103"},{"taxonomy":"product_cat","embeddable":true,"href":"https:\/\/yogafev.com\/tienda-outlet\/wp-json\/wp\/v2\/product_cat?post=103"},{"taxonomy":"product_tag","embeddable":true,"href":"https:\/\/yogafev.com\/tienda-outlet\/wp-json\/wp\/v2\/product_tag?post=103"}],"curies":[{"name":"wp","href":"https:\/\/api.w.org\/{rel}","templated":true}]}}