{"id":81,"date":"2025-08-11T03:52:46","date_gmt":"2025-08-11T03:52:46","guid":{"rendered":"https:\/\/yogafev.com\/cursos-yogafev-sabiduria-cosmica\/services\/"},"modified":"2025-08-11T03:52:46","modified_gmt":"2025-08-11T03:52:46","slug":"services","status":"publish","type":"page","link":"https:\/\/yogafev.com\/cursos-yogafev-sabiduria-cosmica\/services\/","title":{"rendered":"Services"},"content":{"rendered":"\n\n\n<h2>Nuestra experiencia abarca todas las industrias<\/h2>\n<p>Desde las finanzas hasta el comercio minorista, y desde las startups hasta el comercio global, hemos trabajado en m\u00faltiples sectores para crear resultados significativos y medibles. Nuestro trabajo est\u00e1 moldeado por el impacto real y un enfoque centrado en las personas.<br><br><\/p>\n\n\n\n\n\n\n\n\n\n\n<h2>\u00a1Ayudamos a encontrar soluciones!<\/h2>\n\n\n<p>Ayudamos a definir tu visi\u00f3n y trazar un camino estrat\u00e9gico hacia adelante. Desde el an\u00e1lisis de mercado hasta el establecimiento de metas, transformamos ideas en planes estructurados y alcanzables.<br><br> <\/p>\n\n\n<p>Desbloquea la pr\u00f3xima etapa de crecimiento. Identificamos oportunidades, optimizamos operaciones y guiamos tu negocio hacia el \u00e9xito a largo plazo.<br><br><\/p>\n\n\n<p>Toma decisiones financieras informadas con confianza. Nuestros expertos ofrecen asesoramiento adaptado sobre presupuestos, inversiones y gesti\u00f3n eficaz de recursos.<\/p>\n\n\n\n\n\n\n<h2>Casos completados<\/h2>\n\n\n\n\n\n\n\n\n\n\n\n\n\n\n<h2>Asesores y Especialistas<\/h2>\n\n\n\n\n\n\n\n\n\n\n\n\n\n\n\n\n\n\n\n\n\n\n\n\n<h2>Rese\u00f1as de Nuestros Clientes<\/h2>\n<p>La satisfacci\u00f3n del cliente es el coraz\u00f3n de todo lo que hacemos. A lo largo de los a\u00f1os, hemos construido relaciones s\u00f3lidas basadas en la confianza, los resultados y el apoyo constante. Nuestros clientes valoran nuestro compromiso y sus comentarios contin\u00faan impuls\u00e1ndonos hacia adelante.<\/p>\n\n<p>Servicio excepcional de principio a fin. El equipo fue atento, conocedor y siempre realiz\u00f3 un esfuerzo adicional para asegurar que nuestras necesidades fueran satisfechas.<\/p>\n<p>Trajeron claridad y direcci\u00f3n a nuestro proyecto. Su enfoque colaborativo y conocimiento estrat\u00e9gico hizo una diferencia real en nuestro crecimiento.<\/p>\n<p>Fiables, receptivos y orientados a resultados. Hemos trabajado con muchos proveedores de servicios, pero este equipo realmente se destaca por su profesionalidad.<\/p>\n\n\n","protected":false},"excerpt":{"rendered":"","protected":false},"author":1,"featured_media":0,"parent":0,"menu_order":0,"comment_status":"closed","ping_status":"closed","template":"","meta":{"pagelayer_contact_templates":[],"_pagelayer_content":"","footnotes":""},"class_list":["post-81","page","type-page","status-publish","hentry"],"jetpack_sharing_enabled":true,"_links":{"self":[{"href":"https:\/\/yogafev.com\/cursos-yogafev-sabiduria-cosmica\/wp-json\/wp\/v2\/pages\/81","targetHints":{"allow":["GET"]}}],"collection":[{"href":"https:\/\/yogafev.com\/cursos-yogafev-sabiduria-cosmica\/wp-json\/wp\/v2\/pages"}],"about":[{"href":"https:\/\/yogafev.com\/cursos-yogafev-sabiduria-cosmica\/wp-json\/wp\/v2\/types\/page"}],"author":[{"embeddable":true,"href":"https:\/\/yogafev.com\/cursos-yogafev-sabiduria-cosmica\/wp-json\/wp\/v2\/users\/1"}],"replies":[{"embeddable":true,"href":"https:\/\/yogafev.com\/cursos-yogafev-sabiduria-cosmica\/wp-json\/wp\/v2\/comments?post=81"}],"version-history":[{"count":0,"href":"https:\/\/yogafev.com\/cursos-yogafev-sabiduria-cosmica\/wp-json\/wp\/v2\/pages\/81\/revisions"}],"wp:attachment":[{"href":"https:\/\/yogafev.com\/cursos-yogafev-sabiduria-cosmica\/wp-json\/wp\/v2\/media?parent=81"}],"curies":[{"name":"wp","href":"https:\/\/api.w.org\/{rel}","templated":true}]}}