{"id":75,"date":"2025-08-11T03:52:42","date_gmt":"2025-08-11T03:52:42","guid":{"rendered":"https:\/\/yogafev.com\/cursos-yogafev-sabiduria-cosmica\/home\/"},"modified":"2025-08-11T03:52:42","modified_gmt":"2025-08-11T03:52:42","slug":"home","status":"publish","type":"page","link":"https:\/\/yogafev.com\/cursos-yogafev-sabiduria-cosmica\/","title":{"rendered":"Home"},"content":{"rendered":"\n\n\n<h2>Sobre Nosotros<\/h2>\n<p>Existimos para conectar personas, ideas y oportunidades. Nuestra fundaci\u00f3n se basa en valores comunitarios como la integridad, el servicio y la innovaci\u00f3n. A trav\u00e9s de cada iniciativa, nos esforzamos por empoderar a quienes servimos y elevar las comunidades de las que formamos parte.<\/p>\n<p>Creemos que el progreso es posible cuando las personas se apoyan mutuamente con confianza y prop\u00f3sito. Por eso, todo lo que hacemos est\u00e1 arraigado en la colaboraci\u00f3n y una visi\u00f3n a largo plazo.<\/p>\n<h2>Bienvenido a Academia YogaFev<\/h2>\n<h6>Gerente CEO<\/h6>\n\n\n\n\n\n\n\n<h2>Lo Que Hacemos<\/h2>\n\n\n<h4>Comercio de Productos Globales<\/h4>\n<p>Facilitamos el acceso a mercados globales, ayudando a nuestros socios a comerciar de manera responsable, eficiente y transparente a trav\u00e9s de fronteras.<\/p>\n\n\n\n<p>Apoyamos a emprendedores y peque\u00f1as empresas conect\u00e1ndolos con recursos, asociaciones y estrategias de crecimiento.<\/p>\n\n\n<p>Nuestra orientaci\u00f3n financiera ayuda a individuos y empresas a planificar mejor, invertir sabiamente y construir un futuro m\u00e1s seguro.<\/p>\n\n\n\n\n\n\n<h2>Casos Completados<\/h2>\n\n\n\n\n\n\n\n\n\n\n\n\n<h2>Soluciones Empresariales<\/h2>\n\n\n<p>Protegiendo lo que m\u00e1s importa. Nuestras soluciones de seguros a medida ofrecen seguridad tanto para empresas como para individuos.<\/p>\n\n\n<p>Proporcionamos gesti\u00f3n de inversiones experta enfocada en retornos a largo plazo, crecimiento estrat\u00e9gico y claridad financiera.<\/p>\n\n\n<p>Navega por regulaciones complejas con facilidad a trav\u00e9s de nuestros servicios integrales de planificaci\u00f3n tributaria y asesoramiento.<\/p>\n\n\n\n\n\n\n<h2>Nuestra experiencia abarca cada industria<\/h2>\n<p>Desde finanzas hasta comercio minorista, y desde startups hasta comercio global, hemos trabajado en m\u00faltiples sectores para crear resultados significativos y medibles. Nuestro trabajo se orienta por el impacto real y un enfoque centrado en las personas.<\/p>\n\n\n\n\n\n\n\n\n\n\n<h2>Asesores y Especialistas<\/h2>\n\n\n\n\n\n\n\n\n\n\n\n\n\n\n\n\n\n\n\n\n\n\n\n\n<h2>Rese\u00f1as de Nuestros Clientes<\/h2>\n<p>La satisfacci\u00f3n del cliente est\u00e1 en el coraz\u00f3n de todo lo que hacemos. A lo largo de los a\u00f1os, hemos construido relaciones s\u00f3lidas basadas en la confianza, los resultados y el apoyo constante. Nuestros clientes valoran nuestro compromiso, y su retroalimentaci\u00f3n nos sigue impulsando hacia adelante.<\/p>\n\n<p>Un servicio excepcional de principio a fin. El equipo fue atento, conocedor y siempre dio el extra para asegurar que nuestras necesidades fueran atendidas.<\/p>\n<p>Brindaron claridad y direcci\u00f3n a nuestro proyecto. Su enfoque colaborativo y su visi\u00f3n estrat\u00e9gica marcaron una verdadera diferencia en nuestro crecimiento.<\/p>\n<p>Confiable, reactivo y orientado a resultados. Hemos trabajado con muchos proveedores de servicios, pero este equipo realmente se destaca por su profesionalismo.<\/p>\n\n\n","protected":false},"excerpt":{"rendered":"","protected":false},"author":1,"featured_media":0,"parent":0,"menu_order":0,"comment_status":"closed","ping_status":"closed","template":"","meta":{"pagelayer_contact_templates":[],"_pagelayer_content":"","footnotes":""},"class_list":["post-75","page","type-page","status-publish","hentry"],"jetpack_sharing_enabled":true,"_links":{"self":[{"href":"https:\/\/yogafev.com\/cursos-yogafev-sabiduria-cosmica\/wp-json\/wp\/v2\/pages\/75","targetHints":{"allow":["GET"]}}],"collection":[{"href":"https:\/\/yogafev.com\/cursos-yogafev-sabiduria-cosmica\/wp-json\/wp\/v2\/pages"}],"about":[{"href":"https:\/\/yogafev.com\/cursos-yogafev-sabiduria-cosmica\/wp-json\/wp\/v2\/types\/page"}],"author":[{"embeddable":true,"href":"https:\/\/yogafev.com\/cursos-yogafev-sabiduria-cosmica\/wp-json\/wp\/v2\/users\/1"}],"replies":[{"embeddable":true,"href":"https:\/\/yogafev.com\/cursos-yogafev-sabiduria-cosmica\/wp-json\/wp\/v2\/comments?post=75"}],"version-history":[{"count":0,"href":"https:\/\/yogafev.com\/cursos-yogafev-sabiduria-cosmica\/wp-json\/wp\/v2\/pages\/75\/revisions"}],"wp:attachment":[{"href":"https:\/\/yogafev.com\/cursos-yogafev-sabiduria-cosmica\/wp-json\/wp\/v2\/media?parent=75"}],"curies":[{"name":"wp","href":"https:\/\/api.w.org\/{rel}","templated":true}]}}