{"id":58,"date":"2025-08-11T03:52:34","date_gmt":"2025-08-11T03:52:34","guid":{"rendered":"https:\/\/yogafev.com\/cursos-yogafev-sabiduria-cosmica\/contact\/"},"modified":"2025-08-11T03:52:34","modified_gmt":"2025-08-11T03:52:34","slug":"contact","status":"publish","type":"page","link":"https:\/\/yogafev.com\/cursos-yogafev-sabiduria-cosmica\/contact\/","title":{"rendered":"Contact"},"content":{"rendered":"\n\n\n<h2>Cont\u00e1ctanos<\/h2>\n<p>\u00bfTienes alguna pregunta o necesitas soporte? Estamos aqu\u00ed para ayudarte. Cont\u00e1ctanos para consultas, aclaraciones o m\u00e1s informaci\u00f3n sobre nuestros servicios; nos encantar\u00eda saber de ti.<\/p>\n\n\n\n\n\n\n\n\nNew York, New York, USA\n\n\n\n\n\n\n\n<h2>Enviar Mensaje<\/h2>\n\n\n\n\n\n\n\n\n\n","protected":false},"excerpt":{"rendered":"","protected":false},"author":1,"featured_media":0,"parent":0,"menu_order":0,"comment_status":"closed","ping_status":"closed","template":"","meta":{"pagelayer_contact_templates":null,"_pagelayer_content":"","footnotes":""},"class_list":["post-58","page","type-page","status-publish","hentry"],"jetpack_sharing_enabled":true,"_links":{"self":[{"href":"https:\/\/yogafev.com\/cursos-yogafev-sabiduria-cosmica\/wp-json\/wp\/v2\/pages\/58","targetHints":{"allow":["GET"]}}],"collection":[{"href":"https:\/\/yogafev.com\/cursos-yogafev-sabiduria-cosmica\/wp-json\/wp\/v2\/pages"}],"about":[{"href":"https:\/\/yogafev.com\/cursos-yogafev-sabiduria-cosmica\/wp-json\/wp\/v2\/types\/page"}],"author":[{"embeddable":true,"href":"https:\/\/yogafev.com\/cursos-yogafev-sabiduria-cosmica\/wp-json\/wp\/v2\/users\/1"}],"replies":[{"embeddable":true,"href":"https:\/\/yogafev.com\/cursos-yogafev-sabiduria-cosmica\/wp-json\/wp\/v2\/comments?post=58"}],"version-history":[{"count":0,"href":"https:\/\/yogafev.com\/cursos-yogafev-sabiduria-cosmica\/wp-json\/wp\/v2\/pages\/58\/revisions"}],"wp:attachment":[{"href":"https:\/\/yogafev.com\/cursos-yogafev-sabiduria-cosmica\/wp-json\/wp\/v2\/media?parent=58"}],"curies":[{"name":"wp","href":"https:\/\/api.w.org\/{rel}","templated":true}]}}